{"id":7862,"date":"2017-05-16T11:04:06","date_gmt":"2017-05-16T11:04:06","guid":{"rendered":"https:\/\/domaine-hortevieille.com\/?page_id=7862"},"modified":"2017-05-16T11:45:29","modified_gmt":"2017-05-16T11:45:29","slug":"load-more","status":"publish","type":"page","link":"https:\/\/domaine-hortevieille.com\/en\/load-more\/","title":{"rendered":"Load More"},"content":{"rendered":"<div class=\"wpb-content-wrapper\"><div class=\"vc_row wpb_row vc_row-fluid\"><div class=\"wpb_column vc_column_container vc_col-sm-12\"><div class=\"vc_column-inner\"><div class=\"wpb_wrapper\"><div class=\"dt-sc-infinite-portfolio-container\" data-paged=\"1\"><div class=\"message hidden\"><\/div><div id=\"dt_portfolios-155\" class=\"dt-sc-infinite-portfolio without-sidebar\"><a title=\"D\u00e9couverte de Montagnac\" href=\"https:\/\/domaine-hortevieille.com\/en\/activite\/decouverte-montagnac\/\">\t<figure><img decoding=\"async\" src=\"https:\/\/domaine-hortevieille.com\/wp-content\/uploads\/2014\/01\/decouverte-village-montagnac.jpg\" alt=\"D\u00e9couverte de Montagnac\" title=\"D\u00e9couverte de Montagnac\"\/><\/figure><\/a><\/div><div id=\"dt_portfolios-425\" class=\"dt-sc-infinite-portfolio without-sidebar grid-sizer-2\"><a title=\"D\u00e9couverte de P\u00e9zenas\" href=\"https:\/\/domaine-hortevieille.com\/en\/activite\/decouverte-pezenas\/\">\t<figure><img decoding=\"async\" src=\"https:\/\/domaine-hortevieille.com\/wp-content\/uploads\/2014\/01\/ville-de-pezenas.jpg\" alt=\"D\u00e9couverte de P\u00e9zenas\" title=\"D\u00e9couverte de P\u00e9zenas\"\/><\/figure><\/a><\/div><div id=\"dt_portfolios-8522\" class=\"dt-sc-infinite-portfolio without-sidebar\"><a title=\"Les \u00e9cluses de Fonseranes\" href=\"https:\/\/domaine-hortevieille.com\/en\/activite\/les-ecluses-de-fonseranes\/\">\t<figure><img decoding=\"async\" src=\"https:\/\/domaine-hortevieille.com\/wp-content\/uploads\/2018\/07\/9-ecluses-beziers-e1533909022825.jpg\" alt=\"Les \u00e9cluses de Fonseranes\" title=\"Les \u00e9cluses de Fonseranes\"\/><\/figure><\/a><\/div><div id=\"dt_portfolios-8524\" class=\"dt-sc-infinite-portfolio without-sidebar\"><a title=\"Abbaye de Valmagne\" href=\"https:\/\/domaine-hortevieille.com\/en\/activite\/abbaye-de-valmagne\/\">\t<figure><img decoding=\"async\" src=\"https:\/\/domaine-hortevieille.com\/wp-content\/uploads\/2018\/07\/abbaye-valmagen-site-exception.jpg\" alt=\"Abbaye de Valmagne\" title=\"Abbaye de Valmagne\"\/><\/figure><\/a><\/div><div id=\"dt_portfolios-8526\" class=\"dt-sc-infinite-portfolio without-sidebar\"><a title=\"Le lac du Salagou\" href=\"https:\/\/domaine-hortevieille.com\/en\/activite\/le-lac-du-salagou\/\">\t<figure><img decoding=\"async\" src=\"https:\/\/domaine-hortevieille.com\/wp-content\/uploads\/2018\/07\/lac-du-salagou.jpg\" alt=\"Le lac du Salagou\" title=\"Le lac du Salagou\"\/><\/figure><\/a><\/div><\/div><a href=\"javascript:void(0)\" class=\"dt-sc-infinite-portfolio-load-more\" data-style=\"load-more\" data-per-page=\"5\" data-term=\"\">Load More<\/a><\/div><\/div><\/div><\/div>\n<\/div>","protected":false},"excerpt":{"rendered":"D\u00e9couvrez les activit\u00e9s du lac du salagou : Randonn\u00e9es p\u00e9destre Randonn\u00e9es VTT Activit\u00e9s de voile P\u00eache \u00e0 la carpe","protected":false},"author":1,"featured_media":0,"parent":0,"menu_order":0,"comment_status":"closed","ping_status":"closed","template":"","meta":{"footnotes":""},"class_list":["post-7862","page","type-page","status-publish","hentry"],"_links":{"self":[{"href":"https:\/\/domaine-hortevieille.com\/en\/wp-json\/wp\/v2\/pages\/7862","targetHints":{"allow":["GET"]}}],"collection":[{"href":"https:\/\/domaine-hortevieille.com\/en\/wp-json\/wp\/v2\/pages"}],"about":[{"href":"https:\/\/domaine-hortevieille.com\/en\/wp-json\/wp\/v2\/types\/page"}],"author":[{"embeddable":true,"href":"https:\/\/domaine-hortevieille.com\/en\/wp-json\/wp\/v2\/users\/1"}],"replies":[{"embeddable":true,"href":"https:\/\/domaine-hortevieille.com\/en\/wp-json\/wp\/v2\/comments?post=7862"}],"version-history":[{"count":0,"href":"https:\/\/domaine-hortevieille.com\/en\/wp-json\/wp\/v2\/pages\/7862\/revisions"}],"wp:attachment":[{"href":"https:\/\/domaine-hortevieille.com\/en\/wp-json\/wp\/v2\/media?parent=7862"}],"curies":[{"name":"wp","href":"https:\/\/api.w.org\/{rel}","templated":true}]}}