{"id":7741,"date":"2017-05-15T05:46:54","date_gmt":"2017-05-15T05:46:54","guid":{"rendered":"https:\/\/domaine-hortevieille.com\/?page_id=7741"},"modified":"2018-07-12T11:54:09","modified_gmt":"2018-07-12T09:54:09","slug":"location-gites-grande-capacite","status":"publish","type":"page","link":"https:\/\/domaine-hortevieille.com\/en\/location-gites-grande-capacite\/","title":{"rendered":"Location de g\u00eetes \u00e0 Montagnac"},"content":{"rendered":"<div class=\"wpb-content-wrapper\"><div class=\"vc_row wpb_row vc_row-fluid wpb_animate_when_almost_visible wpb_fadeInUp fadeInUp\"><div class=\"wpb_column vc_column_container vc_col-sm-12\"><div class=\"vc_column-inner\"><div class=\"wpb_wrapper\"><h2 style=\"font-size: 25px;text-align: center;text-transform:none\" class=\"vc_custom_heading\">D\u00e9couvrez nos gites grande capacit\u00e9 pour vos vacances dans le Sud de la France<\/h2><p style=\"font-size: 15px;text-align: justify;text-transform:none\" class=\"vc_custom_heading\">En Occitanie, au c\u0153ur du Languedoc, le Domaine de l\u2019Hortevieille se love entre ses vignes. Situ\u00e9 non loin de la mer, de l\u2019\u00e9tang de Thau et \u00e0 proximit\u00e9 de villes historiques comme P\u00e9zenas, B\u00e9ziers, Montpellier, St Guilhem le d\u00e9sert, la propri\u00e9t\u00e9 est proche de circuits p\u00e9destres et de VTT. Le domaine surplombe le joli village de Montagnac avec une vue imprenable sur son clocher du XIII\u00e8me si\u00e8cle. A votre disposition durant votre s\u00e9jour, un court de Tennis, une piscine chauff\u00e9e (avril \u00e0 octobre) et un spa.<\/p><div class=\"ult-spacer spacer-69fb0e548da80\" data-id=\"69fb0e548da80\" data-height=\"60\" data-height-mobile=\"60\" data-height-tab=\"60\" data-height-tab-portrait=\"\" data-height-mobile-landscape=\"\" style=\"clear:both;display:block;\"><\/div><\/div><\/div><\/div><\/div><div class=\"vc_row wpb_row vc_row-fluid\"><div class=\"wpb_column vc_column_container vc_col-sm-6\"><div class=\"vc_column-inner\"><div class=\"wpb_wrapper\"><div class=\"ult-animation  ult-animate-viewport  ult-no-mobile\" data-animate=\"fadeInUp\" data-animation-delay=\"0.8\" data-animation-duration=\"1\" data-animation-iteration=\"1\" style=\"opacity:0;\" data-opacity_start_effect=\"\"><div class=\"dt-sc-hotel-room\"><div class=\"dt-sc-hotel-room-type-1\"><div class=\"dt-sc-hotel-room-thumb\"> <a href=\"https:\/\/domaine-hortevieille.com\/en\/gite\/gite-grande-capacite-hortevieille\/\" title=\"L\u2019Hortevieille\"><img loading=\"lazy\" decoding=\"async\" width=\"1600\" height=\"1068\" src=\"https:\/\/domaine-hortevieille.com\/wp-content\/uploads\/2017\/05\/Gite-hortevieille-8-personnes.jpg\" class=\"attachment-full size-full wp-post-image\" alt=\"L\u2019Hortevieille\" title=\"L\u2019Hortevieille\" srcset=\"https:\/\/domaine-hortevieille.com\/wp-content\/uploads\/2017\/05\/Gite-hortevieille-8-personnes.jpg 1600w, https:\/\/domaine-hortevieille.com\/wp-content\/uploads\/2017\/05\/Gite-hortevieille-8-personnes-300x200.jpg 300w, https:\/\/domaine-hortevieille.com\/wp-content\/uploads\/2017\/05\/Gite-hortevieille-8-personnes-768x513.jpg 768w, https:\/\/domaine-hortevieille.com\/wp-content\/uploads\/2017\/05\/Gite-hortevieille-8-personnes-1024x684.jpg 1024w\" sizes=\"auto, (max-width: 1600px) 100vw, 1600px\" \/><\/a><\/div><div class=\"dt-sc-hotel-room-details\"> <h4> <a href=\"https:\/\/domaine-hortevieille.com\/en\/gite\/gite-grande-capacite-hortevieille\/\" title=\"L\u2019Hortevieille\">L\u2019Hortevieille<\/a> <\/h4> <div class=\"dt-sc-hotel-room-content\">      <p>Ce grand g\u00eete de plain pied est une ancienne bergerie du domaine. Il est expos\u00e9 plein ouest avec une vue sur vigne et sur le massif du Caroux. Profitez du couch\u00e9 de soleil sur sa grande terrasse 100 m\u00e8tres carr\u00e9. <\/p> <\/div> <div class=\"dt-sc-hotel-room-thumb-overlay\"><p> <span class=\"price\">Starts From \u00e0 partir 150.00\u20ac \/ la nuit<\/span><\/p> <\/div><\/div><div class=\"dt-sc-hotel-room-buttons\"> <a href=\"\/en\/contact\/\" title=\"Contact Reservation\" class=\"dt-sc-button medium filled btn-book\"> <span>Book Now<\/span> <\/a> <a href=\"https:\/\/domaine-hortevieille.com\/en\/gite\/gite-grande-capacite-hortevieille\/\" title=\"L\u2019Hortevieille\" class=\"dt-sc-button medium filled\"> <span>Enquire<\/span> <\/a><\/div><div style=\"display:none;\"><div id=\"booknow-7479\" class=\"booknow-container\"> <div class=\"ajax_message\"> <\/div> <form name=\"frmbooknow\" class=\"booknow-frm\" action=\"https:\/\/domaine-hortevieille.com\/wp-content\/plugins\/designthemes-rooms-addon\/shortcodes\/booknow.php\" method=\"post\" data-trp-original-action=\"https:\/\/domaine-hortevieille.com\/wp-content\/plugins\/designthemes-rooms-addon\/shortcodes\/booknow.php\">      <p><input type=\"text\" name=\"txtfname\" required=\"required\" placeholder=\"Name (required)\" \/><\/p>      <p><input type=\"email\" name=\"txtemail\" required=\"required\" placeholder=\"Email (required)\" \/><\/p>      <p><input type=\"text\" class=\"txtarrivedate\" name=\"txtdate\" required=\"required\" placeholder=\"Date of Arrival (required)\" \/><\/p>      <p><input type=\"text\" name=\"txtphone\" placeholder=\"Phone\" \/><\/p>      <p><textarea name=\"txtmessage\" rows=\"2\" cols=\"32\" placeholder=\"Message\"><\/textarea><\/p>      <p><input type=\"submit\" name=\"subsend\" value=\"Send\" \/><\/p>      <input type=\"hidden\" name=\"hidbookadminemail\" value=\"contact@domaine-hortevieille.com\" \/>      <input type=\"hidden\" name=\"hidbooksuccess\" value=\"Thanks for Booking us, We will call back to you soon.\" \/>      <input type=\"hidden\" name=\"hidbookerror\" value=\"Sorry your message not sent, Try again Later.\" \/>      <input type=\"hidden\" name=\"hidroomname\" value=\"L\u2019Hortevieille\"\/>  <input type=\"hidden\" name=\"trp-form-language\" value=\"en\"\/><\/form><\/div><\/div><\/div><\/div><\/div><\/div><\/div><\/div><div class=\"wpb_column vc_column_container vc_col-sm-6\"><div class=\"vc_column-inner\"><div class=\"wpb_wrapper\"><div class=\"ult-animation  ult-animate-viewport  ult-no-mobile\" data-animate=\"fadeInUp\" data-animation-delay=\"1.1\" data-animation-duration=\"1\" data-animation-iteration=\"1\" style=\"opacity:0;\" data-opacity_start_effect=\"\"><div class=\"dt-sc-hotel-room\"><div class=\"dt-sc-hotel-room-type-1\"><div class=\"dt-sc-hotel-room-thumb\"> <a href=\"https:\/\/domaine-hortevieille.com\/en\/gite\/la-candaurade\/\" title=\"La Candaurade\"><img loading=\"lazy\" decoding=\"async\" width=\"1600\" height=\"1068\" src=\"https:\/\/domaine-hortevieille.com\/wp-content\/uploads\/2017\/05\/Gite-grande-capacite-candaurade-19.jpg\" class=\"attachment-full size-full wp-post-image\" alt=\"La Candaurade\" title=\"La Candaurade\" srcset=\"https:\/\/domaine-hortevieille.com\/wp-content\/uploads\/2017\/05\/Gite-grande-capacite-candaurade-19.jpg 1600w, https:\/\/domaine-hortevieille.com\/wp-content\/uploads\/2017\/05\/Gite-grande-capacite-candaurade-19-300x200.jpg 300w, https:\/\/domaine-hortevieille.com\/wp-content\/uploads\/2017\/05\/Gite-grande-capacite-candaurade-19-768x513.jpg 768w, https:\/\/domaine-hortevieille.com\/wp-content\/uploads\/2017\/05\/Gite-grande-capacite-candaurade-19-1024x684.jpg 1024w\" sizes=\"auto, (max-width: 1600px) 100vw, 1600px\" \/><\/a><\/div><div class=\"dt-sc-hotel-room-details\"> <h4> <a href=\"https:\/\/domaine-hortevieille.com\/en\/gite\/la-candaurade\/\" title=\"La Candaurade\">La Candaurade<\/a> <\/h4> <div class=\"dt-sc-hotel-room-content\">      <p>Ce grand g\u00eete atypique gorg\u00e9 de soleil est le b\u00e2timent le plus ancien du domaine. La candaurade est au c\u0153ur du site, vue sur le jardin. Venez admirer paisiblement, les oiseaux et la danse des huppes et des gu\u00eapiers.<\/p> <\/div> <div class=\"dt-sc-hotel-room-thumb-overlay\"><p> <span class=\"price\">Starts From \u00e0 partir 150.00\u20ac \/ la nuit<\/span><\/p> <\/div><\/div><div class=\"dt-sc-hotel-room-buttons\"> <a href=\"\/en\/contact\/\" title=\"Contact Reservation\" class=\"dt-sc-button medium filled btn-book\"> <span>Book Now<\/span> <\/a> <a href=\"https:\/\/domaine-hortevieille.com\/en\/gite\/la-candaurade\/\" title=\"La Candaurade\" class=\"dt-sc-button medium filled\"> <span>Enquire<\/span> <\/a><\/div><div style=\"display:none;\"><div id=\"booknow-7768\" class=\"booknow-container\"> <div class=\"ajax_message\"> <\/div> <form name=\"frmbooknow\" class=\"booknow-frm\" action=\"https:\/\/domaine-hortevieille.com\/wp-content\/plugins\/designthemes-rooms-addon\/shortcodes\/booknow.php\" method=\"post\" data-trp-original-action=\"https:\/\/domaine-hortevieille.com\/wp-content\/plugins\/designthemes-rooms-addon\/shortcodes\/booknow.php\">      <p><input type=\"text\" name=\"txtfname\" required=\"required\" placeholder=\"Name (required)\" \/><\/p>      <p><input type=\"email\" name=\"txtemail\" required=\"required\" placeholder=\"Email (required)\" \/><\/p>      <p><input type=\"text\" class=\"txtarrivedate\" name=\"txtdate\" required=\"required\" placeholder=\"Date of Arrival (required)\" \/><\/p>      <p><input type=\"text\" name=\"txtphone\" placeholder=\"Phone\" \/><\/p>      <p><textarea name=\"txtmessage\" rows=\"2\" cols=\"32\" placeholder=\"Message\"><\/textarea><\/p>      <p><input type=\"submit\" name=\"subsend\" value=\"Send\" \/><\/p>      <input type=\"hidden\" name=\"hidbookadminemail\" value=\"contact@domaine-hortevieille.com\" \/>      <input type=\"hidden\" name=\"hidbooksuccess\" value=\"Thanks for Booking us, We will call back to you soon.\" \/>      <input type=\"hidden\" name=\"hidbookerror\" value=\"Sorry your message not sent, Try again Later.\" \/>      <input type=\"hidden\" name=\"hidroomname\" value=\"La Candaurade\"\/>  <input type=\"hidden\" name=\"trp-form-language\" value=\"en\"\/><\/form><\/div><\/div><\/div><\/div><\/div><\/div><\/div><\/div><\/div><div class=\"vc_row wpb_row vc_row-fluid\"><div class=\"wpb_column vc_column_container vc_col-sm-12\"><div class=\"vc_column-inner\"><div class=\"wpb_wrapper\"><div class=\"ult-spacer spacer-69fb0e548f438\" data-id=\"69fb0e548f438\" data-height=\"60\" data-height-mobile=\"60\" data-height-tab=\"60\" data-height-tab-portrait=\"\" data-height-mobile-landscape=\"\" style=\"clear:both;display:block;\"><\/div><\/div><\/div><\/div><\/div>\n<\/div>","protected":false},"excerpt":{"rendered":"D\u00e9couvrez nos gites grande capacit\u00e9 pour vos vacances dans le Sud de la FranceEn Occitanie, au c\u0153ur du Languedoc, le Domaine de l\u2019Hortevieille se love entre ses vignes. Situ\u00e9 non loin de la mer, de l\u2019\u00e9tang de Thau et \u00e0 proximit\u00e9 de villes historiques comme P\u00e9zenas, B\u00e9ziers, Montpellier, St Guilhem le d\u00e9sert, la propri\u00e9t\u00e9 est [...]","protected":false},"author":1,"featured_media":0,"parent":0,"menu_order":0,"comment_status":"closed","ping_status":"closed","template":"","meta":{"footnotes":""},"class_list":["post-7741","page","type-page","status-publish","hentry"],"_links":{"self":[{"href":"https:\/\/domaine-hortevieille.com\/en\/wp-json\/wp\/v2\/pages\/7741","targetHints":{"allow":["GET"]}}],"collection":[{"href":"https:\/\/domaine-hortevieille.com\/en\/wp-json\/wp\/v2\/pages"}],"about":[{"href":"https:\/\/domaine-hortevieille.com\/en\/wp-json\/wp\/v2\/types\/page"}],"author":[{"embeddable":true,"href":"https:\/\/domaine-hortevieille.com\/en\/wp-json\/wp\/v2\/users\/1"}],"replies":[{"embeddable":true,"href":"https:\/\/domaine-hortevieille.com\/en\/wp-json\/wp\/v2\/comments?post=7741"}],"version-history":[{"count":0,"href":"https:\/\/domaine-hortevieille.com\/en\/wp-json\/wp\/v2\/pages\/7741\/revisions"}],"wp:attachment":[{"href":"https:\/\/domaine-hortevieille.com\/en\/wp-json\/wp\/v2\/media?parent=7741"}],"curies":[{"name":"wp","href":"https:\/\/api.w.org\/{rel}","templated":true}]}}