{"id":7090,"date":"2016-11-07T08:54:23","date_gmt":"2016-11-07T08:54:23","guid":{"rendered":"http:\/\/wedesignthemes.com\/themes\/testdata\/?page_id=7090"},"modified":"2018-08-09T19:35:19","modified_gmt":"2018-08-09T17:35:19","slug":"activites","status":"publish","type":"page","link":"https:\/\/domaine-hortevieille.com\/en\/activites\/","title":{"rendered":"Activit\u00e9s et lieu d&rsquo;int\u00e9r\u00eat autour des g\u00eetes"},"content":{"rendered":"<p>D\u00e9couvrez en images les activit\u00e9s, les lieux d&rsquo;exception et les villages autour des g\u00eetes du Domaine de l&rsquo;Hortevieille \u00e0 Montagnac.<\/p>","protected":false},"excerpt":{"rendered":"<p>D\u00e9couvrez en images les activit\u00e9s, les lieux d&rsquo;exception et les villages autour des g\u00eetes du Domaine de l&rsquo;Hortevieille \u00e0 Montagnac.<\/p>","protected":false},"author":1,"featured_media":0,"parent":0,"menu_order":0,"comment_status":"closed","ping_status":"closed","template":"tpl-portfolio.php","meta":{"footnotes":""},"class_list":["post-7090","page","type-page","status-publish","hentry"],"_links":{"self":[{"href":"https:\/\/domaine-hortevieille.com\/en\/wp-json\/wp\/v2\/pages\/7090","targetHints":{"allow":["GET"]}}],"collection":[{"href":"https:\/\/domaine-hortevieille.com\/en\/wp-json\/wp\/v2\/pages"}],"about":[{"href":"https:\/\/domaine-hortevieille.com\/en\/wp-json\/wp\/v2\/types\/page"}],"author":[{"embeddable":true,"href":"https:\/\/domaine-hortevieille.com\/en\/wp-json\/wp\/v2\/users\/1"}],"replies":[{"embeddable":true,"href":"https:\/\/domaine-hortevieille.com\/en\/wp-json\/wp\/v2\/comments?post=7090"}],"version-history":[{"count":0,"href":"https:\/\/domaine-hortevieille.com\/en\/wp-json\/wp\/v2\/pages\/7090\/revisions"}],"wp:attachment":[{"href":"https:\/\/domaine-hortevieille.com\/en\/wp-json\/wp\/v2\/media?parent=7090"}],"curies":[{"name":"wp","href":"https:\/\/api.w.org\/{rel}","templated":true}]}}