{"id":602,"date":"2017-05-08T05:34:28","date_gmt":"2017-05-08T05:34:28","guid":{"rendered":"https:\/\/domaine-hortevieille.com\/?page_id=602"},"modified":"2018-07-13T17:20:40","modified_gmt":"2018-07-13T15:20:40","slug":"actualites","status":"publish","type":"page","link":"https:\/\/domaine-hortevieille.com\/en\/actualites\/","title":{"rendered":"Actualit\u00e9 des g\u00eetes du Domaine de l&rsquo;Hortevieille"},"content":{"rendered":"<p>Suivez les actualit\u00e9s et les \u00e9v\u00e9nements phare des g\u00eetes du domaine de l&rsquo;Hortevieille \u00e0 Montagnac et profitez tout au long de la saison de nos bon plans sortie et des lieux d\u2019int\u00e9r\u00eat aux alentour du domaine.<br \/>\nNous somme l\u00e0 pour vous guider et vous aider \u00e0 d\u00e9couvrir notre jolie r\u00e9gion du Sud de la France.<\/p>","protected":false},"excerpt":{"rendered":"<p>Suivez les actualit\u00e9s et les \u00e9v\u00e9nements phare des g\u00eetes du domaine de l&rsquo;Hortevieille \u00e0 Montagnac et profitez tout au long de la saison de nos bon plans sortie et des lieux d\u2019int\u00e9r\u00eat aux alentour du domaine. Nous somme l\u00e0 pour vous guider et vous aider \u00e0 d\u00e9couvrir notre jolie r\u00e9gion du Sud de la France.<\/p>","protected":false},"author":1,"featured_media":0,"parent":0,"menu_order":0,"comment_status":"closed","ping_status":"closed","template":"tpl-blog.php","meta":{"footnotes":""},"class_list":["post-602","page","type-page","status-publish","hentry"],"_links":{"self":[{"href":"https:\/\/domaine-hortevieille.com\/en\/wp-json\/wp\/v2\/pages\/602","targetHints":{"allow":["GET"]}}],"collection":[{"href":"https:\/\/domaine-hortevieille.com\/en\/wp-json\/wp\/v2\/pages"}],"about":[{"href":"https:\/\/domaine-hortevieille.com\/en\/wp-json\/wp\/v2\/types\/page"}],"author":[{"embeddable":true,"href":"https:\/\/domaine-hortevieille.com\/en\/wp-json\/wp\/v2\/users\/1"}],"replies":[{"embeddable":true,"href":"https:\/\/domaine-hortevieille.com\/en\/wp-json\/wp\/v2\/comments?post=602"}],"version-history":[{"count":0,"href":"https:\/\/domaine-hortevieille.com\/en\/wp-json\/wp\/v2\/pages\/602\/revisions"}],"wp:attachment":[{"href":"https:\/\/domaine-hortevieille.com\/en\/wp-json\/wp\/v2\/media?parent=602"}],"curies":[{"name":"wp","href":"https:\/\/api.w.org\/{rel}","templated":true}]}}